{"id":507,"date":"2017-03-17T05:40:35","date_gmt":"2017-03-17T03:40:35","guid":{"rendered":"http:\/\/www.skopelostravel.net\/mansion\/?page_id=507"},"modified":"2017-04-04T00:08:30","modified_gmt":"2017-04-03T21:08:30","slug":"orchard-reviews","status":"publish","type":"page","link":"https:\/\/www.skopelostravel.net\/mansion\/orchard-reviews\/","title":{"rendered":"4 Guests&#8217; Reviews for Orchard Apartment"},"content":{"rendered":"<div class=\"wpb-content-wrapper\"><p>[vc_row full_width=&#8221;stretch_row_content&#8221; gap=&#8221;35&#8243;][vc_column width=&#8221;1\/3&#8243;][vc_column_text][metaslider id=552][\/vc_column_text][\/vc_column][vc_column width=&#8221;1\/3&#8243;][vc_tta_accordion style=&#8221;modern&#8221; color=&#8221;white&#8221; gap=&#8221;5&#8243; active_section=&#8221;4&#8243; collapsible_all=&#8221;true&#8221;][vc_tta_section title=&#8221;2016 August, Dimitris, Patras, Greece&#8221; tab_id=&#8221;1489723510439-7966574c-bf8b&#8221;][vc_column_text]\u039f\u03b9 \u03c6\u03c9\u03c4\u03bf\u03b3\u03c1\u03b1\u03c6\u03af\u03b5\u03c2 \u03b1\u03b4\u03b9\u03ba\u03bf\u03cd\u03bd \u03c4\u03bf \u03b4\u03b9\u03b1\u03bc\u03ad\u03c1\u03b9\u03c3\u03bc\u03b1. \u0395\u03af\u03bd\u03b1\u03b9 \u03c0\u03bf\u03bb\u03cd \u03c0\u03b9\u03bf \u03cc\u03bc\u03bf\u03c1\u03c6\u03bf \u03b1\u03c0\u03cc \u03ba\u03bf\u03bd\u03c4\u03ac \u03bc\u03b5 \u03ad\u03bd\u03b1 \u03c5\u03c0\u03ad\u03c1\u03bf\u03c7\u03bf \u03bc\u03c0\u03b1\u03bb\u03ba\u03cc\u03bd\u03b9. \u039c\u03b1\u03c2 \u03b1\u03bd\u03b7\u03c3\u03cd\u03c7\u03b7\u03c3\u03b5 \u03c4\u03bf \u03b3\u03b5\u03b3\u03bf\u03bd\u03cc\u03c2 \u03c0\u03bf\u03c5 \u03b4\u03b5\u03bd \u03b5\u03af\u03c7\u03b5 air-conditioning \u03b1\u03bb\u03bb\u03ac \u03c4\u03bf \u03b4\u03b9\u03b1\u03bc\u03ad\u03c1\u03b9\u03c3\u03bc\u03b1 \u03ae\u03c4\u03b1\u03bd \u03c0\u03bf\u03bb\u03cd \u03b4\u03c1\u03bf\u03c3\u03b5\u03c1\u03cc. \u0397 \u03c4\u03bf\u03c0\u03bf\u03b8\u03b5\u03c3\u03af\u03b1 \u03c0\u03bf\u03bb\u03cd \u03ba\u03b5\u03bd\u03c4\u03c1\u03b9\u03ba\u03ae \u03b1\u03bb\u03bb\u03ac \u03ba\u03b1\u03b9 \u03ae\u03c3\u03c5\u03c7\u03b7. \u0397\u00a0\u039d\u03af\u03bd\u03b1, \u03c0\u03bf\u03bb\u03cd \u03b5\u03c5\u03b3\u03b5\u03bd\u03b9\u03ba\u03ae, \u03bc\u03b1\u03c2 \u03c0\u03b5\u03c1\u03af\u03bc\u03b5\u03bd\u03b5 \u03c3\u03c4\u03bf \u03bb\u03b9\u03bc\u03ac\u03bd\u03b9 \u03ba\u03b1\u03b9 \u03bc\u03b1\u03c2 \u03bf\u03b4\u03ae\u03b3\u03b7\u03c3\u03b5 \u03c3\u03c4\u03bf \u03b4\u03b9\u03b1\u03bc\u03ad\u03c1\u03b9\u03c3\u03bc\u03b1. \u0386\u03bd\u03b5\u03c4\u03bf \u03ba\u03c1\u03b5\u03b2\u03ac\u03c4\u03b9 \u03ba\u03b1\u03b9 \u03c0\u03bf\u03bb\u03cd \u03b5\u03c5\u03c1\u03cd\u03c7\u03c9\u03c1\u03b1 \u03cc\u03bb\u03b1 \u03c4\u03b1 \u03b4\u03c9\u03bc\u03ac\u03c4\u03b9\u03b1. \u039c\u03b5\u03af\u03bd\u03b1\u03bc\u03b5 \u03c0\u03ad\u03bd\u03c4\u03b5 \u03b2\u03c1\u03ac\u03b4\u03b9\u03b1 \u03ba\u03b1\u03b9 \u03c4\u03b1 \u03bc\u03cc\u03bd\u03b1 \u03b1\u03c1\u03bd\u03b7\u03c4\u03b9\u03ba\u03ac \u03ae\u03c4\u03b1\u03bd \u03cc\u03c4\u03b9 \u03b5\u03af\u03c7\u03b5 \u03c0\u03c1\u03cc\u03b2\u03bb\u03b7\u03bc\u03b1 \u03c4\u03bf wifi, \u03b1\u03bb\u03bb\u03ac \u03b4\u03b5\u03bd \u03c4\u03bf \u03c7\u03c1\u03b5\u03b9\u03b1\u03b6\u03cc\u03bc\u03b1\u03c3\u03c4\u03b1\u03bd \u03bf\u03c0\u03cc\u03c4\u03b5 \u03ba\u03b1\u03b9 \u03b4\u03b5\u03bd \u03ba\u03bf\u03b9\u03c4\u03ac\u03be\u03b1\u03bc\u03b5 \u03b1\u03bd \u03bc\u03c0\u03bf\u03c1\u03bf\u03cd\u03c3\u03b1\u03bc\u03b5 \u03bd\u03b1 \u03c4\u03bf \u03c6\u03c4\u03b9\u03ac\u03be\u03bf\u03c5\u03bc\u03b5 \u03ba\u03b1\u03b9 \u03cc\u03c4\u03b9 \u03bc\u03b1\u03c2 \u03ac\u03bb\u03bb\u03b1\u03be\u03b1\u03bd \u03c0\u03b5\u03c4\u03c3\u03ad\u03c4\u03b5\u03c2 \u03c4\u03b7\u03bd \u03c4\u03ad\u03c4\u03b1\u03c1\u03c4\u03b7 \u03b7\u03bc\u03ad\u03c1\u03b1 \u03b5\u03bd\u03ce \u03bc\u03b1\u03c2 \u03b5\u03af\u03c7\u03b1\u03bd \u03c0\u03b5\u03b9 \u03cc\u03c4\u03b9 \u03b8\u03b1 \u03bc\u03b1\u03c2 \u03c4\u03b9\u03c2 \u03ac\u03bb\u03bb\u03b1\u03b6\u03b1\u03bd \u03bd\u03c9\u03c1\u03af\u03c4\u03b5\u03c1\u03b1. \u03a3\u03c5\u03bd\u03bf\u03bb\u03b9\u03ba\u03ac \u03c4\u03bf \u03c0\u03c1\u03bf\u03c4\u03b5\u03af\u03bd\u03c9 \u03b1\u03bd\u03b5\u03c0\u03b9\u03c6\u03cd\u03bb\u03b1\u03ba\u03c4\u03b1.[\/vc_column_text][\/vc_tta_section][vc_tta_section title=&#8221;2016 July, Anna, Athens, Greece&#8221; tab_id=&#8221;1489723521268-000b54f8-6eca&#8221;][vc_column_text]Amazing island, amazing place to stay! Don&#8217;t miss it![\/vc_column_text][\/vc_tta_section][vc_tta_section title=&#8221;2016 July, Elli, Greece&#8221; tab_id=&#8221;1489723510477-2c47a2cb-587d&#8221;][vc_column_text]\u038c\u03bc\u03bf\u03c1\u03c6\u03bf\u03c2 \u03c7\u03ce\u03c1\u03bf\u03c2, \u03c3\u03b5 \u03bc\u03b9\u03b1 \u03b1\u03c0\u03cc \u03c4\u03b9\u03c2 \u03c3\u03c0\u03ac\u03bd\u03b9\u03b5\u03c2 \u03c0\u03b5\u03c4\u03c1\u03cc\u03ba\u03c4\u03b9\u03c3\u03c4\u03b5\u03c2 \u03ba\u03b1\u03c4\u03bf\u03b9\u03ba\u03af\u03b5\u03c2, \u03c3\u03b5 \u03ac\u03c1\u03b9\u03c3\u03c4\u03b7 \u03c4\u03bf\u03c0\u03bf\u03b8\u03b5\u03c3\u03af\u03b1 \u03bc\u03ad\u03c3\u03b1 \u03c3\u03c4\u03bf \u03ba\u03ad\u03bd\u03c4\u03c1\u03bf \u03c4\u03c9\u03bd \u03b3\u03c1\u03b1\u03c6\u03b9\u03ba\u03ce\u03bd, \u03bb\u03b9\u03b8\u03cc\u03c3\u03c4\u03c1\u03c9\u03c4\u03c9\u03bd \u03b4\u03c1\u03cc\u03bc\u03c9\u03bd. \u0397 \u03bf\u03b9\u03ba\u03bf\u03b4\u03ad\u03c3\u03c0\u03bf\u03b9\u03bd\u03b1 \u03bc\u03b1\u03c2 \u03c5\u03c0\u03bf\u03b4\u03ad\u03c7\u03c4\u03b7\u03ba\u03b5 \u03bc\u03b5 \u03c7\u03b1\u03bc\u03cc\u03b3\u03b5\u03bb\u03bf \u03ba\u03b1\u03b9 \u03b8\u03ad\u03c1\u03bc\u03b7, \u03b5\u03bd\u03ce \u03ba\u03b1\u03b8&#8217; \u03cc\u03bb\u03b7 \u03c4\u03b7 \u03b4\u03b9\u03ac\u03c1\u03ba\u03b5\u03b9\u03b1 \u03c4\u03b7\u03c2 \u03b4\u03b9\u03b1\u03bc\u03bf\u03bd\u03ae\u03c2 \u03bc\u03b1\u03c2 \u03ae\u03c4\u03b1\u03bd \u03c0\u03ac\u03bd\u03c4\u03b1 \u03b4\u03b9\u03b1\u03b8\u03ad\u03c3\u03b9\u03bc\u03b7, \u03bc\u03b5 \u03c4\u03b7\u03bd \u03b1\u03c1\u03bc\u03cc\u03b6\u03bf\u03c5\u03c3\u03b1 \u03b4\u03b9\u03b1\u03ba\u03c1\u03b9\u03c4\u03b9\u03ba\u03cc\u03c4\u03b7\u03c4\u03b1, \u03bd\u03b1 \u03bc\u03b1\u03c2 \u03c0\u03b1\u03c1\u03ad\u03c7\u03b5\u03b9 \u03cc\u03c0\u03bf\u03b9\u03b1 \u03b2\u03bf\u03ae\u03b8\u03b5\u03b9\u03b1 \u03c7\u03c1\u03b5\u03b9\u03b1\u03b6\u03cc\u03bc\u03b1\u03c3\u03c4\u03b1\u03bd. \u0399\u03b4\u03b1\u03bd\u03b9\u03ba\u03ae \u03b5\u03c0\u03b9\u03bb\u03bf\u03b3\u03ae![\/vc_column_text][\/vc_tta_section][vc_tta_section title=&#8221;2014 \u0391gosto, Mirko, Faenza, Italy&#8221; tab_id=&#8221;1489723517985-e35cd88f-d618&#8243;][vc_column_text]Soggiornare presso al &#8220;Orchard Apartment&#8221; ti da la possibilit\u00e0 di vivere appieno la vacanza respirando la vera aria dell&#8217;isola, dandoti la possibilit\u00e0 di sentirti a casa.\u00a0L&#8217;appartamento appena stato ristrutturato \u00e8 ammobiliato con cura ed \u00e8 situato nel centro citt\u00e0, facilmente raggiungibile a piedi o con lo scooter dal porto di arrivo. Ringrazio Nina per l&#8217;ospitalit\u00e0 e l&#8217;assistenza puntuale e sempre sorridente, la ciliegina sulla torta per un perfetto soggiorno.[\/vc_column_text][\/vc_tta_section][\/vc_tta_accordion][\/vc_column][vc_column width=&#8221;1\/3&#8243; css=&#8221;.vc_custom_1489722154783{padding-left: 20px !important;}&#8221;][vc_column_text]<div id=\"vfb-form-1\" class=\"visual-form-builder-container\"><form id=\"request-to-book-1\" class=\"visual-form-builder vfb-form-1 \" method=\"post\" enctype=\"multipart\/form-data\">\n\t  \t<input type=\"hidden\" name=\"form_id\" value=\"1\" \/><fieldset class=\"vfb-fieldset vfb-fieldset-1 request-to-book-stone-mansion-house \" id=\"item-vfb-1\"><div class=\"vfb-legend\"><h3>Request To Book @ Stone Mansion House<\/h3><\/div><ul class=\"vfb-section vfb-section-1\"><li class=\"vfb-item vfb-item-text  \" id=\"item-vfb-5\"><label for=\"vfb-5\" class=\"vfb-desc\">Name and Surname  <span class=\"vfb-required-asterisk\">*<\/span><\/label><input type=\"text\" name=\"vfb-5\" id=\"vfb-5\" value=\"\" class=\"vfb-text  vfb-large  required  \" \/><\/li><li class=\"vfb-item vfb-item-email   vfb-left-half\" id=\"item-vfb-6\"><label for=\"vfb-6\" class=\"vfb-desc\">Email  <span class=\"vfb-required-asterisk\">*<\/span><\/label><input type=\"email\" name=\"vfb-6\" id=\"vfb-6\" value=\"\" class=\"vfb-text  vfb-medium  required  email \" \/><\/li><li class=\"vfb-item vfb-item-number   vfb-right-half\" id=\"item-vfb-9\"><label for=\"vfb-9\" class=\"vfb-desc\">Phone &amp; Code <\/label><input type=\"text\" name=\"vfb-9\" id=\"vfb-9\" value=\"\" class=\"vfb-text  vfb-medium   digits \" \/><\/li><li class=\"vfb-item vfb-item-number   vfb-left-half\" id=\"item-vfb-10\"><label for=\"vfb-10\" class=\"vfb-desc\">no. of Guests  <span class=\"vfb-required-asterisk\">*<\/span><\/label><input type=\"text\" name=\"vfb-10\" id=\"vfb-10\" value=\"\" class=\"vfb-text  vfb-medium  required  digits \" \/><\/li><li class=\"vfb-item vfb-item-text   vfb-right-half\" id=\"item-vfb-11\"><label for=\"vfb-11\" class=\"vfb-desc\">Your Country <\/label><input type=\"text\" name=\"vfb-11\" id=\"vfb-11\" value=\"\" class=\"vfb-text  vfb-medium   \" \/><\/li><li class=\"vfb-item vfb-item-date   vfb-left-half\" id=\"item-vfb-7\"><label for=\"vfb-7\" class=\"vfb-desc\">Arrival Date  <span class=\"vfb-required-asterisk\">*<\/span><\/label><input type=\"text\" name=\"vfb-7\" id=\"vfb-7\" value=\"\" class=\"vfb-text vfb-date-picker  vfb-medium  required \" data-dp-dateFormat=\"dd\/mm\/yy\" \/><\/li><li class=\"vfb-item vfb-item-number   vfb-right-half\" id=\"item-vfb-8\"><label for=\"vfb-8\" class=\"vfb-desc\">no. of Nights  <span class=\"vfb-required-asterisk\">*<\/span><\/label><input type=\"text\" name=\"vfb-8\" id=\"vfb-8\" value=\"\" class=\"vfb-text  vfb-medium  required  digits \" \/><\/li><li class=\"vfb-item vfb-item-checkbox  vfb-two-column \" id=\"item-vfb-14\"><label class=\"vfb-desc\">I am interested in... <\/label><div><span class=\"vfb-span\"><input type=\"checkbox\" name=\"vfb-14[]\" id=\"vfb-14-0\" value=\"Orchard Apartment\" class=\"vfb-checkbox  \" \/><label for=\"vfb-14-0\" class=\"vfb-choice\">Orchard Apartment<\/label><\/span><span class=\"vfb-span\"><input type=\"checkbox\" name=\"vfb-14[]\" id=\"vfb-14-1\" value=\"Oasis Apartment\" class=\"vfb-checkbox  \" \/><label for=\"vfb-14-1\" class=\"vfb-choice\">Oasis Apartment<\/label><\/span><div style=\"clear:both\"><\/div><\/div><\/li><li class=\"vfb-item vfb-item-textarea  \" id=\"item-vfb-15\"><label for=\"vfb-15\" class=\"vfb-desc\">Message to Owner <\/label><div><textarea name=\"vfb-15\" id=\"vfb-15\" class=\"vfb-textarea  vfb-medium  \"><\/textarea><\/div><\/li><\/ul>&nbsp;<\/fieldset><fieldset class=\"vfb-fieldset vfb-fieldset-2 verification \" id=\"item-vfb-2\" style=\"display:block\"><div class=\"vfb-legend\"><h3>Verification<\/h3><\/div><ul class=\"vfb-section vfb-section-2\"><li class=\"vfb-item vfb-item-secret\"  style=\"display:block\"><label for=\"vfb-3\" class=\"vfb-desc\">Please enter any two digits <span class=\"vfb-required-asterisk\">*<\/span><\/label><input type=\"hidden\" name=\"_vfb-secret\" value=\"vfb-3\" \/><span class=\"vfb-span\"><input type=\"text\" name=\"vfb-3\" id=\"vfb-3\" value=\"\" class=\"vfb-text  vfb-medium  required {digits:true,maxlength:2,minlength:2} \" style=\"display:block\" \/><label>Example: 12<\/label><\/span><li style=\"display:none;\"><label>This box is for spam protection - &lt;strong&gt;please leave it blank&lt;\/strong&gt;:<\/label><div><input name=\"vfb-spam\" \/><\/div><\/li>\n\t\t\t<li class=\"vfb-item vfb-item-submit\" id=\"item-vfb-4\">\n\t\t\t\t<input type=\"submit\" name=\"vfb-submit\" id=\"vfb-4\" value=\"Submit\" class=\"vfb-submit \" \/>\n\t\t\t\t<\/li><\/ul>\n\t\t\t<\/fieldset><input type=\"hidden\" name=\"_wp_http_referer\" value=\"\/mansion\/wp-json\/wp\/v2\/pages\/507\" \/><\/form><\/div> <!-- .visual-form-builder-container -->[\/vc_column_text][\/vc_column][\/vc_row]<\/p>\n<\/div>","protected":false},"excerpt":{"rendered":"<p>[vc_row full_width=&#8221;stretch_row_content&#8221; gap=&#8221;35&#8243;][vc_column width=&#8221;1\/3&#8243;][vc_column_text][metaslider id=552][\/vc_column_text][\/vc_column][vc_column width=&#8221;1\/3&#8243;][vc_tta_accordion style=&#8221;modern&#8221; color=&#8221;white&#8221; gap=&#8221;5&#8243; active_section=&#8221;4&#8243; collapsible_all=&#8221;true&#8221;][vc_tta_section title=&#8221;2016 August, Dimitris, Patras, Greece&#8221; tab_id=&#8221;1489723510439-7966574c-bf8b&#8221;][vc_column_text]\u039f\u03b9 \u03c6\u03c9\u03c4\u03bf\u03b3\u03c1\u03b1\u03c6\u03af\u03b5\u03c2 \u03b1\u03b4\u03b9\u03ba\u03bf\u03cd\u03bd \u03c4\u03bf \u03b4\u03b9\u03b1\u03bc\u03ad\u03c1\u03b9\u03c3\u03bc\u03b1. \u0395\u03af\u03bd\u03b1\u03b9 \u03c0\u03bf\u03bb\u03cd \u03c0\u03b9\u03bf \u03cc\u03bc\u03bf\u03c1\u03c6\u03bf \u03b1\u03c0\u03cc \u03ba\u03bf\u03bd\u03c4\u03ac \u03bc\u03b5 \u03ad\u03bd\u03b1 \u03c5\u03c0\u03ad\u03c1\u03bf\u03c7\u03bf \u03bc\u03c0\u03b1\u03bb\u03ba\u03cc\u03bd\u03b9. \u039c\u03b1\u03c2 \u03b1\u03bd\u03b7\u03c3\u03cd\u03c7\u03b7\u03c3\u03b5 \u03c4\u03bf \u03b3\u03b5\u03b3\u03bf\u03bd\u03cc\u03c2 \u03c0\u03bf\u03c5 \u03b4\u03b5\u03bd \u03b5\u03af\u03c7\u03b5 air-conditioning \u03b1\u03bb\u03bb\u03ac<\/p>\n","protected":false},"author":1,"featured_media":0,"parent":0,"menu_order":0,"comment_status":"closed","ping_status":"closed","template":"","meta":{"footnotes":""},"class_list":["post-507","page","type-page","status-publish","hentry","","tg-column-two"],"_links":{"self":[{"href":"https:\/\/www.skopelostravel.net\/mansion\/wp-json\/wp\/v2\/pages\/507","targetHints":{"allow":["GET"]}}],"collection":[{"href":"https:\/\/www.skopelostravel.net\/mansion\/wp-json\/wp\/v2\/pages"}],"about":[{"href":"https:\/\/www.skopelostravel.net\/mansion\/wp-json\/wp\/v2\/types\/page"}],"author":[{"embeddable":true,"href":"https:\/\/www.skopelostravel.net\/mansion\/wp-json\/wp\/v2\/users\/1"}],"replies":[{"embeddable":true,"href":"https:\/\/www.skopelostravel.net\/mansion\/wp-json\/wp\/v2\/comments?post=507"}],"version-history":[{"count":5,"href":"https:\/\/www.skopelostravel.net\/mansion\/wp-json\/wp\/v2\/pages\/507\/revisions"}],"predecessor-version":[{"id":779,"href":"https:\/\/www.skopelostravel.net\/mansion\/wp-json\/wp\/v2\/pages\/507\/revisions\/779"}],"wp:attachment":[{"href":"https:\/\/www.skopelostravel.net\/mansion\/wp-json\/wp\/v2\/media?parent=507"}],"curies":[{"name":"wp","href":"https:\/\/api.w.org\/{rel}","templated":true}]}}