{"id":779,"date":"2016-12-06T23:16:20","date_gmt":"2016-12-06T21:16:20","guid":{"rendered":"http:\/\/www.skopelostravel.net\/limnonarirooms\/?page_id=779"},"modified":"2023-11-24T23:09:12","modified_gmt":"2023-11-24T21:09:12","slug":"exterieure","status":"publish","type":"page","link":"https:\/\/www.skopelostravel.net\/limnonarirooms\/fr\/exterieure\/","title":{"rendered":"Ext\u00e9rieure"},"content":{"rendered":"<div class=\"wpb-content-wrapper\"><p>[vc_row row_type=&#8221;row&#8221; type=&#8221;full_width&#8221; text_align=&#8221;left&#8221; video=&#8221;&#8221; css_animation=&#8221;&#8221;][vc_column width=&#8221;11\/12&#8243;]<blockquote class='with_quote_icon with_border' style='width: 100%;border-left-color: #91d1dd;'><span class='icon_quotations_holder'><i class='q_font_elegant_icon icon_quotations' style='color: #91d1dd;font-size: 35px'><\/i><\/span><h5 class='blockquote_text' style=''><span>Beau portrait de la Gr\u00e8ce authentique!<\/span><\/h5><\/blockquote>[vc_column_text]<\/p>\n<p style=\"text-align: justify;\">La petite maison d&#8217;h\u00f4tes est entour\u00e9e d&#8217;un grand verger avec jardin. Meubles de jardin \u00e0 votre disposition pour profiter de vos ap\u00e9ritifs ou d\u00eeners avec livraison, ou tout simplement pour lire votre livre \u00e0 l&#8217;ombre des arbres. Grand espace priv\u00e9 pour garer votre v\u00e9hicule \u00e0 votre disposition. Un chemin sous les arbres m\u00e8ne directement \u00e0 la plage de sable, 1 minute 1\/2 \u00e0 pied.<\/p>\n<p>[\/vc_column_text][vc_empty_space][vc_gallery type=&#8221;flexslider_slide&#8221; interval=&#8221;5&#8243; images=&#8221;1014,1017,1020,592,602,540&#8243; img_size=&#8221;full&#8221;][\/vc_column][vc_column width=&#8221;1\/12&#8243;][\/vc_column][\/vc_row]<\/p>\n<\/div>","protected":false},"excerpt":{"rendered":"<p>[vc_row row_type=&#8221;row&#8221; type=&#8221;full_width&#8221; text_align=&#8221;left&#8221; video=&#8221;&#8221; css_animation=&#8221;&#8221;][vc_column width=&#8221;11\/12&#8243;][vc_column_text] La petite maison d&#8217;h\u00f4tes est entour\u00e9e d&#8217;un grand verger avec jardin. Meubles de jardin \u00e0 votre disposition pour profiter de vos ap\u00e9ritifs ou d\u00eeners avec livraison, ou tout simplement pour lire votre livre \u00e0 l&#8217;ombre des arbres. Grand&#8230;<\/p>\n","protected":false},"author":1,"featured_media":0,"parent":0,"menu_order":0,"comment_status":"closed","ping_status":"closed","template":"","meta":{"footnotes":""},"class_list":["post-779","page","type-page","status-publish","hentry"],"_links":{"self":[{"href":"https:\/\/www.skopelostravel.net\/limnonarirooms\/wp-json\/wp\/v2\/pages\/779","targetHints":{"allow":["GET"]}}],"collection":[{"href":"https:\/\/www.skopelostravel.net\/limnonarirooms\/wp-json\/wp\/v2\/pages"}],"about":[{"href":"https:\/\/www.skopelostravel.net\/limnonarirooms\/wp-json\/wp\/v2\/types\/page"}],"author":[{"embeddable":true,"href":"https:\/\/www.skopelostravel.net\/limnonarirooms\/wp-json\/wp\/v2\/users\/1"}],"replies":[{"embeddable":true,"href":"https:\/\/www.skopelostravel.net\/limnonarirooms\/wp-json\/wp\/v2\/comments?post=779"}],"version-history":[{"count":5,"href":"https:\/\/www.skopelostravel.net\/limnonarirooms\/wp-json\/wp\/v2\/pages\/779\/revisions"}],"predecessor-version":[{"id":1254,"href":"https:\/\/www.skopelostravel.net\/limnonarirooms\/wp-json\/wp\/v2\/pages\/779\/revisions\/1254"}],"wp:attachment":[{"href":"https:\/\/www.skopelostravel.net\/limnonarirooms\/wp-json\/wp\/v2\/media?parent=779"}],"curies":[{"name":"wp","href":"https:\/\/api.w.org\/{rel}","templated":true}]}}