{"id":766,"date":"2016-12-06T22:30:40","date_gmt":"2016-12-06T20:30:40","guid":{"rendered":"http:\/\/www.skopelostravel.net\/limnonarirooms\/?page_id=766"},"modified":"2020-07-06T22:15:12","modified_gmt":"2020-07-06T19:15:12","slug":"chambres","status":"publish","type":"page","link":"https:\/\/www.skopelostravel.net\/limnonarirooms\/fr\/chambres\/","title":{"rendered":"Chambres"},"content":{"rendered":"<div class=\"wpb-content-wrapper\"><p>[vc_row row_type=&#8221;row&#8221; type=&#8221;full_width&#8221; text_align=&#8221;left&#8221; video=&#8221;&#8221; css_animation=&#8221;&#8221;][vc_column width=&#8221;1\/12&#8243;][\/vc_column][vc_column width=&#8221;10\/12&#8243;]<blockquote class='with_quote_icon with_border' style='width: 100%;border-left-color: #91d1dd;'><span class='icon_quotations_holder'><i class='q_font_elegant_icon icon_quotations' style='color: #91d1dd;font-size: 35px'><\/i><\/span><h5 class='blockquote_text' style=''><span>Ecoutez le bruit de la mer vous bercer quand vous vous couchez...<\/span><\/h5><\/blockquote>[vc_empty_space height=&#8221;10px&#8221;][vc_column_text]<\/p>\n<p style=\"text-align: justify;\">Au milieu et au dernier \u00e9tage il ya totalement 10 simples chambres, tous avec des couleurs diff\u00e9rentes et de tableaux de peinture.<\/p>\n<p style=\"text-align: justify;\">Les chambres de devant num\u00e9ro 1, 3, 4, 6, 8, 9 disposent d&#8217;une vue splendide sur la mer et d&#8217;une porte-fen\u00eatre menant au balcon priv\u00e9. Les chambres de devant num\u00e9ro 2, 7 disposent d&#8217;une vue splendide sur la mer, d&#8217;une fen\u00eatre et d&#8217;une porte-fen\u00eatre menant au balcon priv\u00e9. Les c\u00f4t\u00e9 chambres num\u00e9ro 5, 10 disposent d&#8217;une vue magnifique sur la for\u00eat de pins et des rochets impressionnants, ainsi qu&#8217; une vue sur la mer de par les balcons qui sont sur le c\u00f4t\u00e9.<\/p>\n<p style=\"text-align: justify;\">Toutes les chambres offrent des \u00e9quipements de base, tels que: air conditionn\u00e9 individuel, petit r\u00e9frig\u00e9rateur, lits jumeaux (sauf la chambre num\u00e9ro 6 qui a un lit double) en bois avec tables de nuit et \u00e9clairage, coiffeuse avec miroir, porte-fen\u00eatre qui donne sur le balcon priv\u00e9 avec vue sur la mer et salle de bain individuelle avec douche et wc.<\/p>\n<p>[\/vc_column_text][vc_empty_space height=&#8221;20px&#8221;][vc_gallery type=&#8221;flexslider_slide&#8221; interval=&#8221;5&#8243; images=&#8221;1157,1181,1159,543,1158,1161,1160,1201,1182,1156,1155,535,1197,991,1001&#8243; img_size=&#8221;full&#8221;][\/vc_column][vc_column width=&#8221;1\/12&#8243;][\/vc_column][\/vc_row]<\/p>\n<\/div>","protected":false},"excerpt":{"rendered":"<p>[vc_row row_type=&#8221;row&#8221; type=&#8221;full_width&#8221; text_align=&#8221;left&#8221; video=&#8221;&#8221; css_animation=&#8221;&#8221;][vc_column width=&#8221;1\/12&#8243;][\/vc_column][vc_column width=&#8221;10\/12&#8243;][vc_empty_space height=&#8221;10px&#8221;][vc_column_text] Au milieu et au dernier \u00e9tage il ya totalement 10 simples chambres, tous avec des couleurs diff\u00e9rentes et de tableaux de peinture. Les chambres de devant num\u00e9ro 1, 3, 4, 6, 8, 9 disposent d&#8217;une vue&#8230;<\/p>\n","protected":false},"author":1,"featured_media":0,"parent":0,"menu_order":0,"comment_status":"closed","ping_status":"closed","template":"","meta":{"footnotes":""},"class_list":["post-766","page","type-page","status-publish","hentry"],"_links":{"self":[{"href":"https:\/\/www.skopelostravel.net\/limnonarirooms\/wp-json\/wp\/v2\/pages\/766","targetHints":{"allow":["GET"]}}],"collection":[{"href":"https:\/\/www.skopelostravel.net\/limnonarirooms\/wp-json\/wp\/v2\/pages"}],"about":[{"href":"https:\/\/www.skopelostravel.net\/limnonarirooms\/wp-json\/wp\/v2\/types\/page"}],"author":[{"embeddable":true,"href":"https:\/\/www.skopelostravel.net\/limnonarirooms\/wp-json\/wp\/v2\/users\/1"}],"replies":[{"embeddable":true,"href":"https:\/\/www.skopelostravel.net\/limnonarirooms\/wp-json\/wp\/v2\/comments?post=766"}],"version-history":[{"count":6,"href":"https:\/\/www.skopelostravel.net\/limnonarirooms\/wp-json\/wp\/v2\/pages\/766\/revisions"}],"predecessor-version":[{"id":1205,"href":"https:\/\/www.skopelostravel.net\/limnonarirooms\/wp-json\/wp\/v2\/pages\/766\/revisions\/1205"}],"wp:attachment":[{"href":"https:\/\/www.skopelostravel.net\/limnonarirooms\/wp-json\/wp\/v2\/media?parent=766"}],"curies":[{"name":"wp","href":"https:\/\/api.w.org\/{rel}","templated":true}]}}