{"id":500,"date":"2016-12-05T04:10:51","date_gmt":"2016-12-05T02:10:51","guid":{"rendered":"http:\/\/www.skopelostravel.net\/limnonarirooms\/?page_id=500"},"modified":"2016-12-07T19:29:09","modified_gmt":"2016-12-07T17:29:09","slug":"spiaggia","status":"publish","type":"page","link":"https:\/\/www.skopelostravel.net\/limnonarirooms\/it\/spiaggia\/","title":{"rendered":"Spiaggia Limnonari"},"content":{"rendered":"<div class=\"wpb-content-wrapper\"><p>[vc_row row_type=&#8221;row&#8221; type=&#8221;full_width&#8221; text_align=&#8221;left&#8221; video=&#8221;&#8221; css_animation=&#8221;&#8221;][vc_column][vc_column_text]<\/p>\n<ul>\n<li>8 km dalla citt\u00e0 di Skopelos e il porto<\/li>\n<li>1 km dalla fermata del bus e autobus percorso<\/li>\n<\/ul>\n<p>[\/vc_column_text][vc_empty_space][vc_gallery type=&#8221;flexslider_slide&#8221; interval=&#8221;5&#8243; images=&#8221;441,514,460,571,815,563,822,913&#8243; img_size=&#8221;full&#8221;][\/vc_column][\/vc_row][vc_row row_type=&#8221;row&#8221; type=&#8221;full_width&#8221; text_align=&#8221;left&#8221; video=&#8221;&#8221; css_animation=&#8221;&#8221; css=&#8221;.vc_custom_1480904239457{padding-top: 20px !important;background-image: url(https:\/\/www.skopelostravel.net\/limnonarirooms\/wp-content\/uploads\/sites\/38\/2016\/12\/skopelos.net_bg_sand.jpg?id=419) !important;}&#8221;][vc_column]<div class='testimonials_holder clearfix dark'><div class=\"testimonials testimonials_carousel\" data-show-navigation=\"yes\" data-animation-type=\"slide\" data-animation-speed=\"\" data-auto-rotate-slides=\"15\"><ul class=\"slides\"><li id=\"testimonials511\" class=\"testimonial_content\"><div class=\"testimonial_content_inner\"><div class=\"testimonial_text_holder\"><div class=\"testimonial_text_inner\" style=\"\"><p>\u201cPer tutti i gusti\u201d. Due volte siamo stati in questa bella spiaggia che, a mio avviso, \u00e8 ottima per chiunque. Si arriva dopo una strada completamente asfaltata ed \u00e8 circondata da un meraviglioso panorama di rocce bianche con pini montani. La spiaggia \u00e8 in parte di sassi, in parte (sebbene pi\u00f9 esigua) di sabbia. Alle spalle, da un lato c'\u00e8 un chiosco con piscina che per\u00f2 \u00e8 accessibile solo per i maggiorenni ed un ristorante (ove noi non abbiamo mai pranzato perch\u00e9 non ci hanno convinti i pesci ed i prezzi); dall'altro la taverna che prende il nome della spiaggia, ombreggiata da ulivi e teloni bianchi. Abbiamo pranzato con ottime sardine alla griglia, calamari fritti, insalata greca. Il personale \u00e8 davvero gentile (c'\u00e8 anche wi-fi free sebbene non sempre performante) ed il cibo fresco e buono. Ottimo anche per i bimbi perch\u00e9 dopo il parcheggio auto c'\u00e8 un piccolo parco giochi. Durante il pranzo i gatti locali apprezzeranno qualche pezzetto di cibo! Consigliato.<\/p><p class=\"testimonial_author\" style=\"\">- Visitato a Agosto 2016<\/p><\/div><\/div><\/div><\/li><li id=\"testimonials510\" class=\"testimonial_content\"><div class=\"testimonial_content_inner\"><div class=\"testimonial_text_holder\"><div class=\"testimonial_text_inner\" style=\"\"><p>\u201cUn posto meraviglioso\u201d. Bellissima spiaggia di ciottoli (si consigliano le scarpette da scoglio) inserita in una baia orientata verso sud. Un posto perfetto per gli amanti dello snorkeling. Lettini ed ombrelloni sono gratis se si consuma qualcosa al bar. Se si vuole andare la mattina \u00e8 preferibile arrivare entro le 11:00 per essere sicuri di trovare posto.<\/p><p class=\"testimonial_author\" style=\"\">- Visitato a Agosto 2016<\/p><\/div><\/div><\/div><\/li><li id=\"testimonials509\" class=\"testimonial_content\"><div class=\"testimonial_content_inner\"><div class=\"testimonial_text_holder\"><div class=\"testimonial_text_inner\" style=\"\"><p>\u201cMare calmo e relax\u201d. Bellissima spiaggia dell'isola di Skopelos, ma raggiungibile solo con mezzi di trasporto propri o con gite organizzate. A mio avviso l'unico difetto \u00e8 l'accessibilit\u00e0 al mare che passa o attraverso sassi molto grandi o attraverso una piattaforma di roccia estremamente scivolosa. Caldamente consigliate scarpette da mare.<\/p><p class=\"testimonial_author\" style=\"\">- Visitato a Agosto 2015<\/p><\/div><\/div><\/div><\/li><li id=\"testimonials508\" class=\"testimonial_content\"><div class=\"testimonial_content_inner\"><div class=\"testimonial_text_holder\"><div class=\"testimonial_text_inner\" style=\"\"><p>\u201cAssolutamente da vedere!\u201d. Salendo dalla citt\u00e0 di Skopelos dopo Agnontas sulla sinistra si trova l'indicazione e la strada per Limnonari. La strada piuttosto lunghetta e stretta porta a questa bellissima baia che appare dall'alto con colori del mare spettacolari. Noi ci siamo arrivati di pomeriggio verso le 16 e abbiamo subito trovato un ombrellone e i due lettini all'inizio della baia che poi \u00e8 anche il punto in cui il sole rimane pi\u00f9 a lungo.  L'acqua \u00e8 spettacolare, color turchese splendente. Utili le scarpe da scoglio per la presenza di molti scoglietti in riva al mare.<\/p><p class=\"testimonial_author\" style=\"\">- Visitato a Agosto 2015<\/p><\/div><\/div><\/div><\/li><li id=\"testimonials507\" class=\"testimonial_content\"><div class=\"testimonial_content_inner\"><div class=\"testimonial_text_holder\"><div class=\"testimonial_text_inner\" style=\"\"><p>\u201cSplendida meta per gli amanti dello snorkeling\u201d. Bellissima spiaggia, detta \"il paradiso segreto\" ma che segreto non \u00e8 pi\u00f9, citando il nostro autista Kosta, perch\u00e9 molti sono i turisti che la frequentano. L'ambiente \u00e8 splendido ma secondo il mio parere il vero tesoro \u00e8 il mare, paradiso per lo snorkeling: la costa rocciosa sulla destra ha una flora incredibile, diversi pesci e tantissime stelle marine, ricci, anemoni, spugne. Per me la numero uno delle spiagge.<\/p><p class=\"testimonial_author\" style=\"\">- Visitato a Agosto 2015<\/p><\/div><\/div><\/div><\/li><li id=\"testimonials506\" class=\"testimonial_content\"><div class=\"testimonial_content_inner\"><div class=\"testimonial_text_holder\"><div class=\"testimonial_text_inner\" style=\"\"><p>\u201cPaesaggio meraviglioso\u201d. La spiaggia si trova nella parte sud dell'isola. Per arrivare bisogna passare oltre la citt\u00e0 di Skopelos e seguire per Stafilos. Si pu\u00f2 tranquillamente parcheggiare l'auto nel parcheggio gratuito. Lo scenario della spiaggia \u00e8 incantevole, per accedere alla spiaggia ci sono sassi pi\u00f9 o meno grandi e un grande scoglio piatto all'entrata del mare.<\/p><p class=\"testimonial_author\" style=\"\">- Visitato a Agosto 2015<\/p><\/div><\/div><\/div><\/li><\/ul><\/div><\/div>[\/vc_column][\/vc_row]<\/p>\n<\/div>","protected":false},"excerpt":{"rendered":"<p>[vc_row row_type=&#8221;row&#8221; type=&#8221;full_width&#8221; text_align=&#8221;left&#8221; video=&#8221;&#8221; css_animation=&#8221;&#8221;][vc_column][vc_column_text] 8 km dalla citt\u00e0 di Skopelos e il porto 1 km dalla fermata del bus e autobus percorso [\/vc_column_text][vc_empty_space][vc_gallery type=&#8221;flexslider_slide&#8221; interval=&#8221;5&#8243; images=&#8221;441,514,460,571,815,563,822,913&#8243; img_size=&#8221;full&#8221;][\/vc_column][\/vc_row][vc_row row_type=&#8221;row&#8221; type=&#8221;full_width&#8221; text_align=&#8221;left&#8221; video=&#8221;&#8221; css_animation=&#8221;&#8221; css=&#8221;.vc_custom_1480904239457{padding-top: 20px !important;background-image: url(https:\/\/www.skopelostravel.net\/limnonarirooms\/wp-content\/uploads\/sites\/38\/2016\/12\/skopelos.net_bg_sand.jpg?id=419) !important;}&#8221;][vc_column][\/vc_column][\/vc_row]<\/p>\n","protected":false},"author":1,"featured_media":441,"parent":0,"menu_order":0,"comment_status":"closed","ping_status":"closed","template":"","meta":{"footnotes":""},"class_list":["post-500","page","type-page","status-publish","has-post-thumbnail","hentry"],"_links":{"self":[{"href":"https:\/\/www.skopelostravel.net\/limnonarirooms\/wp-json\/wp\/v2\/pages\/500","targetHints":{"allow":["GET"]}}],"collection":[{"href":"https:\/\/www.skopelostravel.net\/limnonarirooms\/wp-json\/wp\/v2\/pages"}],"about":[{"href":"https:\/\/www.skopelostravel.net\/limnonarirooms\/wp-json\/wp\/v2\/types\/page"}],"author":[{"embeddable":true,"href":"https:\/\/www.skopelostravel.net\/limnonarirooms\/wp-json\/wp\/v2\/users\/1"}],"replies":[{"embeddable":true,"href":"https:\/\/www.skopelostravel.net\/limnonarirooms\/wp-json\/wp\/v2\/comments?post=500"}],"version-history":[{"count":12,"href":"https:\/\/www.skopelostravel.net\/limnonarirooms\/wp-json\/wp\/v2\/pages\/500\/revisions"}],"predecessor-version":[{"id":918,"href":"https:\/\/www.skopelostravel.net\/limnonarirooms\/wp-json\/wp\/v2\/pages\/500\/revisions\/918"}],"wp:featuredmedia":[{"embeddable":true,"href":"https:\/\/www.skopelostravel.net\/limnonarirooms\/wp-json\/wp\/v2\/media\/441"}],"wp:attachment":[{"href":"https:\/\/www.skopelostravel.net\/limnonarirooms\/wp-json\/wp\/v2\/media?parent=500"}],"curies":[{"name":"wp","href":"https:\/\/api.w.org\/{rel}","templated":true}]}}