{"id":267,"date":"2016-12-03T03:30:17","date_gmt":"2016-12-03T01:30:17","guid":{"rendered":"http:\/\/www.skopelostravel.net\/limnonarirooms\/?page_id=267"},"modified":"2026-01-31T23:13:04","modified_gmt":"2026-01-31T21:13:04","slug":"tariffe","status":"publish","type":"page","link":"https:\/\/www.skopelostravel.net\/limnonarirooms\/it\/tariffe\/","title":{"rendered":"Tariffe nel 2026"},"content":{"rendered":"<div class=\"wpb-content-wrapper\"><p>[vc_row row_type=&#8221;row&#8221; type=&#8221;full_width&#8221; text_align=&#8221;left&#8221; video=&#8221;&#8221; css_animation=&#8221;&#8221;][vc_column width=&#8221;1\/2&#8243;][vc_gallery type=&#8221;flexslider_slide&#8221; interval=&#8221;5&#8243; images=&#8221;703,655,836,706,1190&#8243; img_size=&#8221;full&#8221;][\/vc_column][vc_column width=&#8221;1\/2&#8243;][vc_column_text]<\/p>\n<h3>Tariffe indicate: Camera \/ 2 Ospiti \/ Notte<\/h3>\n<p>[\/vc_column_text][vc_empty_space height=&#8221;10px&#8221;][vc_column_text css=&#8221;.vc_custom_1730052933232{margin-top: 5px !important;margin-bottom: 5px !important;border-top-width: 1px !important;border-right-width: 1px !important;border-bottom-width: 1px !important;border-left-width: 1px !important;padding-top: 5px !important;padding-right: 5px !important;padding-bottom: 5px !important;padding-left: 5px !important;background-color: #fafafa !important;border-left-style: solid !important;border-right-style: solid !important;border-top-style: solid !important;border-bottom-style: solid !important;border-color: #cccccc !important;}&#8221;]<\/p>\n<h4 style=\"text-align: center;\">01\/04 \u2013 20\/06 \u2192 \u20ac 70<\/h4>\n<p>[\/vc_column_text][vc_column_text css=&#8221;.vc_custom_1730052941895{margin-top: 5px !important;margin-bottom: 5px !important;border-top-width: 1px !important;border-right-width: 1px !important;border-bottom-width: 1px !important;border-left-width: 1px !important;padding-top: 5px !important;padding-right: 5px !important;padding-bottom: 5px !important;padding-left: 5px !important;background-color: #fafafa !important;border-left-style: solid !important;border-right-style: solid !important;border-top-style: solid !important;border-bottom-style: solid !important;border-color: #cccccc !important;}&#8221;]<\/p>\n<h4 style=\"text-align: center;\">21\/07 \u2013 10\/07 \u2192 \u20ac 80<\/h4>\n<p>[\/vc_column_text][vc_column_text css=&#8221;.vc_custom_1700872328089{margin-top: 5px !important;margin-bottom: 5px !important;border-top-width: 1px !important;border-right-width: 1px !important;border-bottom-width: 1px !important;border-left-width: 1px !important;padding-top: 5px !important;padding-right: 5px !important;padding-bottom: 5px !important;padding-left: 5px !important;background-color: #fafafa !important;border-left-color: #cccccc !important;border-left-style: solid !important;border-right-color: #cccccc !important;border-right-style: solid !important;border-top-color: #cccccc !important;border-top-style: solid !important;border-bottom-color: #cccccc !important;border-bottom-style: solid !important;}&#8221;]<\/p>\n<h4 style=\"text-align: center;\">11\/07 \u2013 31\/08 \u2192 \u20ac 90<\/h4>\n<p>[\/vc_column_text][vc_column_text css=&#8221;.vc_custom_1730052950656{margin-top: 5px !important;margin-bottom: 5px !important;border-top-width: 1px !important;border-right-width: 1px !important;border-bottom-width: 1px !important;border-left-width: 1px !important;padding-top: 5px !important;padding-right: 5px !important;padding-bottom: 5px !important;padding-left: 5px !important;background-color: #fafafa !important;border-left-style: solid !important;border-right-style: solid !important;border-top-style: solid !important;border-bottom-style: solid !important;border-color: #cccccc !important;}&#8221;]<\/p>\n<h4 style=\"text-align: center;\">01\/09 \u2013 10\/09 \u2192 \u20ac 80<\/h4>\n<p>[\/vc_column_text][vc_column_text css=&#8221;.vc_custom_1730052958511{margin-top: 5px !important;margin-bottom: 5px !important;border-top-width: 1px !important;border-right-width: 1px !important;border-bottom-width: 1px !important;border-left-width: 1px !important;padding-top: 5px !important;padding-right: 5px !important;padding-bottom: 5px !important;padding-left: 5px !important;background-color: #fafafa !important;border-left-style: solid !important;border-right-style: solid !important;border-top-style: solid !important;border-bottom-style: solid !important;border-color: #cccccc !important;}&#8221;]<\/p>\n<h4 style=\"text-align: center;\">11\/09 \u2013 31\/10 \u2192 \u20ac 70<\/h4>\n<p>[\/vc_column_text][vc_empty_space][vc_column_text css=&#8221;&#8221;]<\/p>\n<h3>Note a prezzi<\/h3>\n<p>\u2666 Nel prezzo \u00e9 compreso la pulizia della camera e il cambio delle lenzuola e degli asciugamani a met\u00e0 settimana.<br \/>\n\u2666 Letto aggiuntivo o lettino per bambini disponibile in alcune camere a \u20ac 20,00 a notte.<br \/>\n\u2666 I depositi per la prenotazione di una o pi\u00f9 camere non sono rimborsabili.<br \/>\n\u2666 Per confermare la prenotazione \u00e8 richiesto il 50% del costo totale del soggiorno, con versamento sul conto del proprietario presso la Banca Nazionale.<br \/>\n\u2666 Per prenotazioni di gruppo l&#8217;intero importo \u00e8 prepagato, cos\u00ec come per prenotazioni da 1 a 3 notti.<br \/>\n\u2666 Ricevuta se necessario sar\u00e0 inviata via e-mail.[\/vc_column_text][vc_empty_space][\/vc_column][\/vc_row][vc_row row_type=&#8221;row&#8221; type=&#8221;full_width&#8221; text_align=&#8221;left&#8221; video=&#8221;&#8221; css_animation=&#8221;&#8221;][vc_column][vc_column_text]<\/p>\n<h3>Politica &#8220;No animali domestici&#8221;<\/h3>\n<p>\u2666 Siamo amanti degli animali ma i nostri locali non possono ospitare animali.[\/vc_column_text][vc_empty_space][\/vc_column][\/vc_row][vc_row row_type=&#8221;row&#8221; type=&#8221;full_width&#8221; text_align=&#8221;left&#8221; video=&#8221;&#8221; css_animation=&#8221;&#8221; css=&#8221;.vc_custom_1481078135401{padding-top: 20px !important;background-image: url(https:\/\/www.skopelostravel.net\/limnonarirooms\/wp-content\/uploads\/sites\/38\/2016\/12\/skopelos.net_bg_sand.jpg?id=396) !important;background-position: 0 0 !important;background-repeat: repeat !important;}&#8221;][vc_column]<div class='testimonials_holder clearfix dark'><div class=\"testimonials testimonials_carousel\" data-show-navigation=\"yes\" data-animation-type=\"slide\" data-animation-speed=\"\" data-auto-rotate-slides=\"15\"><ul class=\"slides\"><li id=\"testimonials266\" class=\"testimonial_content\"><div class=\"testimonial_content_inner\"><div class=\"testimonial_text_holder\"><div class=\"testimonial_text_inner\" style=\"\"><p>\u201cIl mio angolo di paradiso\u201d. Limnonari Rooms mi d\u00e0 la dimensione della vera vacanza. Situato in una baia di mare verde offre stanze fresche, semplici e dotate di tutto ci\u00f2 di cui hai bisogno. C'\u00e8 la possibilit\u00e0 di usare una piccola cucina comune, in realt\u00e0 solo per la colazione, perch\u00e9 alla taverna da Vagelis, tra le stanze e il mare, di mangia divinamente. Alexandra e Kostas sono splendidi e sempre disponibili. Ogni anno ... non vedo l'ora di tornarci!<\/p><p class=\"testimonial_author\" style=\"\">- Diletta D. Ha soggiornato in Agosto 2016, viaggiato in coppia<\/p><\/div><\/div><\/div><\/li><li id=\"testimonials263\" class=\"testimonial_content\"><div class=\"testimonial_content_inner\"><div class=\"testimonial_text_holder\"><div class=\"testimonial_text_inner\" style=\"\"><p>\"Una settimana in paradiso\". L'isola \u00e8 quella del film \"Mamma Mia\". Ma a dire il vero una volta arrivati in questa piccola insenatura sperduta mi sono trovata davanti tutto quello di cui avevamo bisogno. Splendido mare a due passi dalla nostra stanza e una Taverna con cibo di ottima qualit\u00e0. Il posto \u00e8 spartano ma carino pulito per questo preparate il viaggio con la giusta ottica. Adatto anche a famiglie con bimbi. Se amate villaggi e hotel lussuosi non \u00e8 il vostro posto. Se volete pace ottimo mare, cibo e ottima compagnia questo \u00e8 il posto giusto. Quindi vi consiglio vivamente di andare.<\/p><p class=\"testimonial_author\" style=\"\">- Flaminia e Vittorio, Roma. Ha soggiornato in Agosto 2015, viaggiato in coppia<\/p><\/div><\/div><\/div><\/li><li id=\"testimonials848\" class=\"testimonial_content\"><div class=\"testimonial_content_inner\"><div class=\"testimonial_text_holder\"><div class=\"testimonial_text_inner\" style=\"\"><p>\"Saluti ai nostri amici della taverna Limnonari\". Sono stata in questa parte della Grecia con il mio fidanzato a Skopelos alla taverna \"Limnonari\" dove ci sono anche stanze e studios per famiglie. Una taverna con cibo di ottima qualit\u00e0. A fare la differenza \u00e8 senza ombra di dubbio il personale di questa taverna a conduzione famigliare. Devo dire splendidi tutti persone che amano la pace e la tranquillit\u00e0 piu del business forzennato che di questi tempi ha preso soppravvento. Fare soldi a. Discapito degli altri qua non \u00e8 di casa. Loro sono persone che amano la tranquillit\u00e0 e l'educazione e il rispetto delle persone in primis. Siamo rimasti estasiati e a dir il vero non ci siamo mossi da l\u00e0.<\/p><p class=\"testimonial_author\" style=\"\">- Flaminia e Vittorio, Roma. Ha soggiornato in Agosto 2015, viaggiato in coppia<\/p><\/div><\/div><\/div><\/li><li id=\"testimonials259\" class=\"testimonial_content\"><div class=\"testimonial_content_inner\"><div class=\"testimonial_text_holder\"><div class=\"testimonial_text_inner\" style=\"\"><p>\"Per me il migliore!\" Dipende da cosa cercate, se volete il bello, la tranquillit\u00e0, il buon cibo e cordialit\u00e0 allora Limnonari \u00e8 il posto giusto.<\/p><p class=\"testimonial_author\" style=\"\">-  Salvatore M, Recensito il settembre 2013<\/p><\/div><\/div><\/div><\/li><li id=\"testimonials261\" class=\"testimonial_content\"><div class=\"testimonial_content_inner\"><div class=\"testimonial_text_holder\"><div class=\"testimonial_text_inner\" style=\"\"><p>\u201cLa mia estate anzi la nostra estate\u201d. Limnonari piccola baia mare bellissimo e tanti amici. Limnonari rooms e' una struttura semplice e confortevole stanze tutte di colore diverso con balconcini da dove si vede il bel mare. Struttura tranquilla circondata dal verde e proprietari Kostas e Alexandra sempre disponibili. Cucina in comune ma ben attrezzata. Vicinissima al mare con spiaggia attrezzata free, vicinissima alla taverna di Vagelis dove si mangia benissimo. Siamo ritornati in questa struttura per la terza volta e ritorneremo anche la prossima estate.<\/p><p class=\"testimonial_author\" style=\"\">- Edda, Napoli, Italia. Ha soggiornato in Agosto 2013, viaggiato con gli amici<\/p><\/div><\/div><\/div><\/li><\/ul><\/div><\/div>[\/vc_column][\/vc_row][vc_row row_type=&#8221;row&#8221; type=&#8221;full_width&#8221; text_align=&#8221;left&#8221; video=&#8221;&#8221; css_animation=&#8221;&#8221;][vc_column][vc_empty_space][\/vc_column][\/vc_row][vc_row row_type=&#8221;row&#8221; type=&#8221;full_width&#8221; text_align=&#8221;left&#8221; video=&#8221;&#8221; background_color=&#8221;#ffffff&#8221; css_animation=&#8221;&#8221;][vc_column][vc_empty_space][vc_column_text]<\/p>\n<p style=\"text-align: center;\">INDIRIZZO POSTALE:\u00a0Casa per ospiti &#8220;Limnonari Beach Rooms&#8221;<br \/>\nKostas G. Lemonis, Spiaggia Limnonari, Isola di Skopelos, 37003, Grecia<\/p>\n<p>[\/vc_column_text][vc_empty_space][\/vc_column][\/vc_row]<\/p>\n<\/div>","protected":false},"excerpt":{"rendered":"<p>[vc_row row_type=&#8221;row&#8221; type=&#8221;full_width&#8221; text_align=&#8221;left&#8221; video=&#8221;&#8221; css_animation=&#8221;&#8221;][vc_column width=&#8221;1\/2&#8243;][vc_gallery type=&#8221;flexslider_slide&#8221; interval=&#8221;5&#8243; images=&#8221;703,655,836,706,1190&#8243; img_size=&#8221;full&#8221;][\/vc_column][vc_column width=&#8221;1\/2&#8243;][vc_column_text] Tariffe indicate: Camera \/ 2 Ospiti \/ Notte [\/vc_column_text][vc_empty_space height=&#8221;10px&#8221;][vc_column_text css=&#8221;.vc_custom_1730052933232{margin-top: 5px !important;margin-bottom: 5px !important;border-top-width: 1px !important;border-right-width: 1px !important;border-bottom-width: 1px !important;border-left-width: 1px !important;padding-top: 5px !important;padding-right: 5px !important;padding-bottom: 5px !important;padding-left: 5px !important;background-color: #fafafa !important;border-left-style:&#8230;<\/p>\n","protected":false},"author":1,"featured_media":0,"parent":0,"menu_order":0,"comment_status":"closed","ping_status":"closed","template":"","meta":{"footnotes":""},"class_list":["post-267","page","type-page","status-publish","hentry"],"_links":{"self":[{"href":"https:\/\/www.skopelostravel.net\/limnonarirooms\/wp-json\/wp\/v2\/pages\/267","targetHints":{"allow":["GET"]}}],"collection":[{"href":"https:\/\/www.skopelostravel.net\/limnonarirooms\/wp-json\/wp\/v2\/pages"}],"about":[{"href":"https:\/\/www.skopelostravel.net\/limnonarirooms\/wp-json\/wp\/v2\/types\/page"}],"author":[{"embeddable":true,"href":"https:\/\/www.skopelostravel.net\/limnonarirooms\/wp-json\/wp\/v2\/users\/1"}],"replies":[{"embeddable":true,"href":"https:\/\/www.skopelostravel.net\/limnonarirooms\/wp-json\/wp\/v2\/comments?post=267"}],"version-history":[{"count":6,"href":"https:\/\/www.skopelostravel.net\/limnonarirooms\/wp-json\/wp\/v2\/pages\/267\/revisions"}],"predecessor-version":[{"id":1585,"href":"https:\/\/www.skopelostravel.net\/limnonarirooms\/wp-json\/wp\/v2\/pages\/267\/revisions\/1585"}],"wp:attachment":[{"href":"https:\/\/www.skopelostravel.net\/limnonarirooms\/wp-json\/wp\/v2\/media?parent=267"}],"curies":[{"name":"wp","href":"https:\/\/api.w.org\/{rel}","templated":true}]}}