{"id":172,"date":"2016-11-30T20:42:37","date_gmt":"2016-11-30T18:42:37","guid":{"rendered":"http:\/\/www.skopelostravel.net\/limnonarirooms\/?page_id=172"},"modified":"2024-10-27T20:17:41","modified_gmt":"2024-10-27T18:17:41","slug":"tarifs","status":"publish","type":"page","link":"https:\/\/www.skopelostravel.net\/limnonarirooms\/fr\/tarifs\/","title":{"rendered":"Tarifs en 2025"},"content":{"rendered":"<div class=\"wpb-content-wrapper\"><p>[vc_row row_type=&#8221;row&#8221; type=&#8221;full_width&#8221; text_align=&#8221;left&#8221; video=&#8221;&#8221; css_animation=&#8221;&#8221;][vc_column width=&#8221;1\/2&#8243;][vc_gallery type=&#8221;flexslider_slide&#8221; interval=&#8221;5&#8243; images=&#8221;704,656,837,707,1191&#8243; img_size=&#8221;full&#8221;][\/vc_column][vc_column width=&#8221;1\/2&#8243;][vc_column_text]<\/p>\n<h3>Location: chambre \/ 2 personnes \/ nuit<\/h3>\n<p>[\/vc_column_text][vc_empty_space height=&#8221;10px&#8221;][vc_column_text css=&#8221;.vc_custom_1730053032514{margin-top: 5px !important;margin-bottom: 5px !important;border-top-width: 1px !important;border-right-width: 1px !important;border-bottom-width: 1px !important;border-left-width: 1px !important;padding-top: 5px !important;padding-right: 5px !important;padding-bottom: 5px !important;padding-left: 5px !important;background-color: #fafafa !important;border-left-style: solid !important;border-right-style: solid !important;border-top-style: solid !important;border-bottom-style: solid !important;border-color: #cccccc !important;}&#8221;]<\/p>\n<h4 style=\"text-align: center;\">01\/04 \u2013 20\/06 \u2192 \u20ac 70<\/h4>\n<p>[\/vc_column_text][vc_column_text css=&#8221;.vc_custom_1730053039536{margin-top: 5px !important;margin-bottom: 5px !important;border-top-width: 1px !important;border-right-width: 1px !important;border-bottom-width: 1px !important;border-left-width: 1px !important;padding-top: 5px !important;padding-right: 5px !important;padding-bottom: 5px !important;padding-left: 5px !important;background-color: #fafafa !important;border-left-style: solid !important;border-right-style: solid !important;border-top-style: solid !important;border-bottom-style: solid !important;border-color: #cccccc !important;}&#8221;]<\/p>\n<h4 style=\"text-align: center;\">21\/06 \u2013 10\/07 \u2192 \u20ac 80<\/h4>\n<p>[\/vc_column_text][vc_column_text css=&#8221;.vc_custom_1700871772048{margin-top: 5px !important;margin-bottom: 5px !important;border-top-width: 1px !important;border-right-width: 1px !important;border-bottom-width: 1px !important;border-left-width: 1px !important;padding-top: 5px !important;padding-right: 5px !important;padding-bottom: 5px !important;padding-left: 5px !important;background-color: #fafafa !important;border-left-color: #cccccc !important;border-left-style: solid !important;border-right-color: #cccccc !important;border-right-style: solid !important;border-top-color: #cccccc !important;border-top-style: solid !important;border-bottom-color: #cccccc !important;border-bottom-style: solid !important;}&#8221;]<\/p>\n<h4 style=\"text-align: center;\">11\/07 \u2013 31\/08 \u2192 \u20ac 90<\/h4>\n<p>[\/vc_column_text][vc_column_text css=&#8221;.vc_custom_1730053047548{margin-top: 5px !important;margin-bottom: 5px !important;border-top-width: 1px !important;border-right-width: 1px !important;border-bottom-width: 1px !important;border-left-width: 1px !important;padding-top: 5px !important;padding-right: 5px !important;padding-bottom: 5px !important;padding-left: 5px !important;background-color: #fafafa !important;border-left-style: solid !important;border-right-style: solid !important;border-top-style: solid !important;border-bottom-style: solid !important;border-color: #cccccc !important;}&#8221;]<\/p>\n<h4 style=\"text-align: center;\">01\/09 \u2013 10\/09 \u2192 \u20ac 80<\/h4>\n<p>[\/vc_column_text][vc_column_text css=&#8221;.vc_custom_1730053054386{margin-top: 5px !important;margin-bottom: 5px !important;border-top-width: 1px !important;border-right-width: 1px !important;border-bottom-width: 1px !important;border-left-width: 1px !important;padding-top: 5px !important;padding-right: 5px !important;padding-bottom: 5px !important;padding-left: 5px !important;background-color: #fafafa !important;border-left-style: solid !important;border-right-style: solid !important;border-top-style: solid !important;border-bottom-style: solid !important;border-color: #cccccc !important;}&#8221;]<\/p>\n<h4 style=\"text-align: center;\">11\/09 \u2013 31\/10 \u2192 \u20ac 70<\/h4>\n<p>[\/vc_column_text][vc_empty_space][vc_column_text css=&#8221;&#8221;]<\/p>\n<h3>Notes sur les prix<\/h3>\n<p>\u2666 Dans les tarifs sont compris le nettoyage des pi\u00e8ces ainsi que le changement du linge (draps, serviettes de toilette) en milieu de semaine.<br \/>\n\u2666 Lit b\u00e9b\u00e9 disponible dans certaines chambres \u00e0 \u20ac 20,00 par jour.<br \/>\n\u2666 Les d\u00e9p\u00f4ts pour la r\u00e9servation d&#8217;une ou de plusieurs chambres ne sont pas remboursables.<br \/>\n\u2666 Pour confirmer la r\u00e9servation, 50% du co\u00fbt total de votre s\u00e9jour est requis, avec un d\u00e9p\u00f4t sur le compte du propri\u00e9taire \u00e0 la Banque Nationale de Gr\u00e8ce.<br \/>\n\u2666 Pour les r\u00e9servations de groupe, le montant total est pr\u00e9pay\u00e9, ainsi que pour les r\u00e9servations de 1 \u00e0 3 nuits.[\/vc_column_text][vc_empty_space][\/vc_column][\/vc_row][vc_row row_type=&#8221;row&#8221; type=&#8221;full_width&#8221; text_align=&#8221;left&#8221; video=&#8221;&#8221; css_animation=&#8221;&#8221;][vc_column][vc_column_text]<\/p>\n<h3>Politique \u00ab\u00a0Pas d&#8217;animaux\u00a0\u00bb<\/h3>\n<p>\u2666 Nous sommes amoureux des animaux mais nos locaux ne peuvent pas accueillir d&#8217;animaux.[\/vc_column_text][vc_empty_space][\/vc_column][\/vc_row][vc_row row_type=&#8221;row&#8221; type=&#8221;full_width&#8221; text_align=&#8221;left&#8221; video=&#8221;&#8221; css_animation=&#8221;&#8221; css=&#8221;.vc_custom_1480889550902{padding-top: 20px !important;background-image: url(https:\/\/www.skopelostravel.net\/limnonarirooms\/wp-content\/uploads\/sites\/38\/2016\/12\/skopelos.net_bg_sand.jpg?id=418) !important;}&#8221;][vc_column]<div class='testimonials_holder clearfix dark'><div class=\"testimonials testimonials_carousel\" data-show-navigation=\"yes\" data-animation-type=\"slide\" data-animation-speed=\"\" data-auto-rotate-slides=\"15\"><ul class=\"slides\"><li id=\"testimonials189\" class=\"testimonial_content\"><div class=\"testimonial_content_inner\"><div class=\"testimonial_text_holder\"><div class=\"testimonial_text_inner\" style=\"\"><p>\u201cCadre magnifique\u201d. Situ\u00e9 dans la magnifique crique de Limnonari, ce petit h\u00f4tel est charmant, calme et bien entretenu. L'accueil est chaleureux, tout le monde est l\u00e0 pour vous faire passer le meilleur s\u00e9jour possible. La plage n'est qu'\u00e0 quelques m\u00e8tres, c'est le lieu id\u00e9al pour passer des vacances au calme en famille ou en amoureux.<\/p><p class=\"testimonial_author\" style=\"\">- par \"karinea221\", Paris, France. Avis \u00e9crit le 14 ao\u00fbt 2016<\/p><\/div><\/div><\/div><\/li><\/ul><\/div><\/div>[\/vc_column][\/vc_row][vc_row row_type=&#8221;row&#8221; type=&#8221;full_width&#8221; text_align=&#8221;left&#8221; video=&#8221;&#8221; css_animation=&#8221;&#8221;][vc_column][vc_empty_space][\/vc_column][\/vc_row][vc_row row_type=&#8221;row&#8221; type=&#8221;full_width&#8221; text_align=&#8221;left&#8221; video=&#8221;&#8221; background_color=&#8221;#ffffff&#8221; css_animation=&#8221;&#8221;][vc_column][vc_empty_space][vc_column_text]<\/p>\n<p style=\"text-align: center;\">ADRESSE POSTALE: Maison des h\u00f4tes &#8220;Limnonari Beach Rooms&#8221;<br \/>\nKostas G. Lemonis, Plage Limnonari, \u00cele de Skopelos, 37003, Gr\u00e8ce<\/p>\n<p>[\/vc_column_text][vc_empty_space][\/vc_column][\/vc_row]<\/p>\n<\/div>","protected":false},"excerpt":{"rendered":"<p>[vc_row row_type=&#8221;row&#8221; type=&#8221;full_width&#8221; text_align=&#8221;left&#8221; video=&#8221;&#8221; css_animation=&#8221;&#8221;][vc_column width=&#8221;1\/2&#8243;][vc_gallery type=&#8221;flexslider_slide&#8221; interval=&#8221;5&#8243; images=&#8221;704,656,837,707,1191&#8243; img_size=&#8221;full&#8221;][\/vc_column][vc_column width=&#8221;1\/2&#8243;][vc_column_text] Location: chambre \/ 2 personnes \/ nuit [\/vc_column_text][vc_empty_space height=&#8221;10px&#8221;][vc_column_text css=&#8221;.vc_custom_1730053032514{margin-top: 5px !important;margin-bottom: 5px !important;border-top-width: 1px !important;border-right-width: 1px !important;border-bottom-width: 1px !important;border-left-width: 1px !important;padding-top: 5px !important;padding-right: 5px !important;padding-bottom: 5px !important;padding-left: 5px !important;background-color: #fafafa !important;border-left-style: solid&#8230;<\/p>\n","protected":false},"author":1,"featured_media":0,"parent":0,"menu_order":0,"comment_status":"closed","ping_status":"closed","template":"","meta":{"footnotes":""},"class_list":["post-172","page","type-page","status-publish","hentry"],"_links":{"self":[{"href":"https:\/\/www.skopelostravel.net\/limnonarirooms\/wp-json\/wp\/v2\/pages\/172","targetHints":{"allow":["GET"]}}],"collection":[{"href":"https:\/\/www.skopelostravel.net\/limnonarirooms\/wp-json\/wp\/v2\/pages"}],"about":[{"href":"https:\/\/www.skopelostravel.net\/limnonarirooms\/wp-json\/wp\/v2\/types\/page"}],"author":[{"embeddable":true,"href":"https:\/\/www.skopelostravel.net\/limnonarirooms\/wp-json\/wp\/v2\/users\/1"}],"replies":[{"embeddable":true,"href":"https:\/\/www.skopelostravel.net\/limnonarirooms\/wp-json\/wp\/v2\/comments?post=172"}],"version-history":[{"count":5,"href":"https:\/\/www.skopelostravel.net\/limnonarirooms\/wp-json\/wp\/v2\/pages\/172\/revisions"}],"predecessor-version":[{"id":1494,"href":"https:\/\/www.skopelostravel.net\/limnonarirooms\/wp-json\/wp\/v2\/pages\/172\/revisions\/1494"}],"wp:attachment":[{"href":"https:\/\/www.skopelostravel.net\/limnonarirooms\/wp-json\/wp\/v2\/media?parent=172"}],"curies":[{"name":"wp","href":"https:\/\/api.w.org\/{rel}","templated":true}]}}