{"id":166,"date":"2016-11-30T20:04:04","date_gmt":"2016-11-30T18:04:04","guid":{"rendered":"http:\/\/www.skopelostravel.net\/limnonarirooms\/?page_id=166"},"modified":"2025-05-02T01:29:15","modified_gmt":"2025-05-01T22:29:15","slug":"accueil","status":"publish","type":"page","link":"https:\/\/www.skopelostravel.net\/limnonarirooms\/fr\/","title":{"rendered":"Accueil"},"content":{"rendered":"<div class=\"wpb-content-wrapper\"><p>[vc_row row_type=&#8221;row&#8221; type=&#8221;full_width&#8221; text_align=&#8221;left&#8221; video=&#8221;&#8221; css_animation=&#8221;&#8221;][vc_column][vc_empty_space][\/vc_column][\/vc_row][vc_row row_type=&#8221;row&#8221; type=&#8221;grid&#8221; text_align=&#8221;left&#8221; video=&#8221;&#8221; css_animation=&#8221;&#8221;][vc_column width=&#8221;1\/6&#8243; offset=&#8221;vc_col-xs-2&#8243;]<span class=\"fa-stack q_icon_shortcode q_font_awsome_icon_holder q_font_awsome_icon_circle fa-lg pull-center \" style=\"color: #abba61;border-color: #abba61;border-width: 1px;font-size: 20px; \"><i class=\"fa fa-bed\"><\/i><\/span>[vc_empty_space height=&#8221;20px&#8221;][\/vc_column][vc_column width=&#8221;1\/6&#8243; offset=&#8221;vc_col-xs-2&#8243;]<span class=\"fa-stack q_icon_shortcode q_font_awsome_icon_holder q_font_awsome_icon_circle fa-lg pull-center \" style=\"color: #abba61;border-color: #abba61;border-width: 1px;font-size: 20px; \"><i class=\"fa fa-shower\"><\/i><\/span>[vc_empty_space height=&#8221;20px&#8221;][\/vc_column][vc_column width=&#8221;1\/6&#8243; offset=&#8221;vc_col-xs-2&#8243;]<span class=\"fa-stack q_icon_shortcode q_font_awsome_icon_holder q_font_awsome_icon_circle fa-lg pull-center \" style=\"color: #abba61;border-color: #abba61;border-width: 1px;font-size: 20px; \"><i class=\"fa fa-snowflake-o\"><\/i><\/span>[vc_empty_space height=&#8221;20px&#8221;][\/vc_column][vc_column width=&#8221;1\/6&#8243; offset=&#8221;vc_col-xs-2&#8243;]<span class=\"fa-stack q_icon_shortcode q_font_awsome_icon_holder q_font_awsome_icon_circle fa-lg pull-center \" style=\"color: #abba61;border-color: #abba61;border-width: 1px;font-size: 20px; \"><i class=\"fa fa-wifi\"><\/i><\/span>[vc_empty_space height=&#8221;20px&#8221;][\/vc_column][vc_column width=&#8221;1\/6&#8243; offset=&#8221;vc_col-xs-2&#8243;]<span class=\"fa-stack q_icon_shortcode q_font_awsome_icon_holder q_font_awsome_icon_circle fa-lg pull-center \" style=\"color: #abba61;border-color: #abba61;border-width: 1px;font-size: 20px; \"><i class=\"fa fa-eye\"><\/i><\/span>[vc_empty_space height=&#8221;20px&#8221;][\/vc_column][vc_column width=&#8221;1\/6&#8243; offset=&#8221;vc_col-xs-2&#8243;]<span class=\"fa-stack q_icon_shortcode q_font_awsome_icon_holder q_font_awsome_icon_circle fa-lg pull-center \" style=\"color: #abba61;border-color: #abba61;border-width: 1px;font-size: 20px; \"><i class=\"fa fa-car\"><\/i><\/span>[vc_empty_space height=&#8221;20px&#8221;][\/vc_column][\/vc_row][vc_row row_type=&#8221;row&#8221; type=&#8221;grid&#8221; text_align=&#8221;left&#8221; video=&#8221;&#8221; css_animation=&#8221;&#8221;][vc_column width=&#8221;2\/3&#8243;][vc_gallery type=&#8221;flexslider_slide&#8221; interval=&#8221;5&#8243; images=&#8221;341,200,201,532,335,662&#8243; img_size=&#8221;full&#8221;][\/vc_column][vc_column width=&#8221;1\/3&#8243;][vc_column_text css=&#8221;.vc_custom_1746138512017{background-color: #f4fcfe !important;}&#8221;]<\/p>\n<p style=\"text-align: center;\">Petite maison d&#8217;h\u00f4tes sur Limnonari<\/p>\n<p style=\"text-align: center;\">10 chambres avec salle de bains et vue sur la mer<\/p>\n<p style=\"text-align: center;\">1 1\/2 minutes \u00e0 pied de la plage<\/p>\n<p style=\"text-align: center;\">Chambres offrent A\/C et petit r\u00e9frig\u00e9rateur<\/p>\n<p style=\"text-align: center;\">Internet sans fil, Parking gratuit sur place<\/p>\n<p style=\"text-align: center;\">Les propri\u00e9taires vivent dans des locaux<\/p>\n<p style=\"text-align: center;\">Distance de la ville de Skopelos et port 8 km<\/p>\n<p style=\"text-align: center;\">1 km de la station du bus et de la route centrale<\/p>\n<p>[\/vc_column_text][vc_empty_space height=&#8221;20px&#8221;][\/vc_column][\/vc_row][vc_row row_type=&#8221;row&#8221; type=&#8221;grid&#8221; text_align=&#8221;left&#8221; video=&#8221;&#8221; background_image=&#8221;418&#8243; css_animation=&#8221;&#8221;][vc_column width=&#8221;1\/6&#8243;][vc_empty_space height=&#8221;20px&#8221;][vc_single_image image=&#8221;1085&#8243; alignment=&#8221;center&#8221; onclick=&#8221;custom_link&#8221; img_link_target=&#8221;_blank&#8221; css=&#8221;&#8221; qode_css_animation=&#8221;&#8221; link=&#8221;https:\/\/www.facebook.com\/limnonarirooms\/&#8221;][vc_empty_space height=&#8221;20px&#8221;][vc_single_image image=&#8221;1081&#8243; alignment=&#8221;center&#8221; onclick=&#8221;custom_link&#8221; img_link_target=&#8221;_blank&#8221; css=&#8221;&#8221; qode_css_animation=&#8221;&#8221; link=&#8221;https:\/\/www.instagram.com\/greece_skopelos_limnonaribeach\/&#8221;][\/vc_column][vc_column width=&#8221;5\/6&#8243;]<div class='testimonials_holder clearfix dark'><div class=\"testimonials testimonials_carousel\" data-show-navigation=\"yes\" data-animation-type=\"slide\" data-animation-speed=\"\" data-auto-rotate-slides=\"15\"><ul class=\"slides\"><li id=\"testimonials189\" class=\"testimonial_content\"><div class=\"testimonial_content_inner\"><div class=\"testimonial_text_holder\"><div class=\"testimonial_text_inner\" style=\"\"><p>\u201cCadre magnifique\u201d. Situ\u00e9 dans la magnifique crique de Limnonari, ce petit h\u00f4tel est charmant, calme et bien entretenu. L'accueil est chaleureux, tout le monde est l\u00e0 pour vous faire passer le meilleur s\u00e9jour possible. La plage n'est qu'\u00e0 quelques m\u00e8tres, c'est le lieu id\u00e9al pour passer des vacances au calme en famille ou en amoureux.<\/p><p class=\"testimonial_author\" style=\"\">- par \"karinea221\", Paris, France. Avis \u00e9crit le 14 ao\u00fbt 2016<\/p><\/div><\/div><\/div><\/li><\/ul><\/div><\/div>[\/vc_column][\/vc_row][vc_row row_type=&#8221;row&#8221; type=&#8221;full_width&#8221; text_align=&#8221;left&#8221; video=&#8221;&#8221; css_animation=&#8221;&#8221;][vc_column][vc_column_text]<a href=\"http:\/\/info.flagcounter.com\/8aDM\" target=\"_blank\" rel=\"noopener noreferrer\"><img decoding=\"async\" class=\"alignright\" src=\"http:\/\/s09.flagcounter.com\/mini\/8aDM\/bg_f5fcfe\/txt_CCCCCC\/border_CCCCCC\/flags_0\/\" alt=\"Flag Counter\" border=\"0\" \/><\/a>[\/vc_column_text][\/vc_column][\/vc_row]<\/p>\n<\/div>","protected":false},"excerpt":{"rendered":"<p>[vc_row row_type=&#8221;row&#8221; type=&#8221;full_width&#8221; text_align=&#8221;left&#8221; video=&#8221;&#8221; css_animation=&#8221;&#8221;][vc_column][vc_empty_space][\/vc_column][\/vc_row][vc_row row_type=&#8221;row&#8221; type=&#8221;grid&#8221; text_align=&#8221;left&#8221; video=&#8221;&#8221; css_animation=&#8221;&#8221;][vc_column width=&#8221;1\/6&#8243; offset=&#8221;vc_col-xs-2&#8243;][vc_empty_space height=&#8221;20px&#8221;][\/vc_column][vc_column width=&#8221;1\/6&#8243; offset=&#8221;vc_col-xs-2&#8243;][vc_empty_space height=&#8221;20px&#8221;][\/vc_column][vc_column width=&#8221;1\/6&#8243; offset=&#8221;vc_col-xs-2&#8243;][vc_empty_space height=&#8221;20px&#8221;][\/vc_column][vc_column width=&#8221;1\/6&#8243; offset=&#8221;vc_col-xs-2&#8243;][vc_empty_space height=&#8221;20px&#8221;][\/vc_column][vc_column width=&#8221;1\/6&#8243; offset=&#8221;vc_col-xs-2&#8243;][vc_empty_space height=&#8221;20px&#8221;][\/vc_column][vc_column width=&#8221;1\/6&#8243; offset=&#8221;vc_col-xs-2&#8243;][vc_empty_space height=&#8221;20px&#8221;][\/vc_column][\/vc_row][vc_row row_type=&#8221;row&#8221; type=&#8221;grid&#8221; text_align=&#8221;left&#8221; video=&#8221;&#8221; css_animation=&#8221;&#8221;][vc_column width=&#8221;2\/3&#8243;][vc_gallery type=&#8221;flexslider_slide&#8221; interval=&#8221;5&#8243; images=&#8221;341,200,201,532,335,662&#8243; img_size=&#8221;full&#8221;][\/vc_column][vc_column width=&#8221;1\/3&#8243;][vc_column_text css=&#8221;.vc_custom_1746138512017{background-color: #f4fcfe !important;}&#8221;] Petite maison&#8230;<\/p>\n","protected":false},"author":1,"featured_media":200,"parent":0,"menu_order":0,"comment_status":"closed","ping_status":"closed","template":"full_width.php","meta":{"footnotes":""},"class_list":["post-166","page","type-page","status-publish","has-post-thumbnail","hentry"],"_links":{"self":[{"href":"https:\/\/www.skopelostravel.net\/limnonarirooms\/wp-json\/wp\/v2\/pages\/166","targetHints":{"allow":["GET"]}}],"collection":[{"href":"https:\/\/www.skopelostravel.net\/limnonarirooms\/wp-json\/wp\/v2\/pages"}],"about":[{"href":"https:\/\/www.skopelostravel.net\/limnonarirooms\/wp-json\/wp\/v2\/types\/page"}],"author":[{"embeddable":true,"href":"https:\/\/www.skopelostravel.net\/limnonarirooms\/wp-json\/wp\/v2\/users\/1"}],"replies":[{"embeddable":true,"href":"https:\/\/www.skopelostravel.net\/limnonarirooms\/wp-json\/wp\/v2\/comments?post=166"}],"version-history":[{"count":5,"href":"https:\/\/www.skopelostravel.net\/limnonarirooms\/wp-json\/wp\/v2\/pages\/166\/revisions"}],"predecessor-version":[{"id":1534,"href":"https:\/\/www.skopelostravel.net\/limnonarirooms\/wp-json\/wp\/v2\/pages\/166\/revisions\/1534"}],"wp:featuredmedia":[{"embeddable":true,"href":"https:\/\/www.skopelostravel.net\/limnonarirooms\/wp-json\/wp\/v2\/media\/200"}],"wp:attachment":[{"href":"https:\/\/www.skopelostravel.net\/limnonarirooms\/wp-json\/wp\/v2\/media?parent=166"}],"curies":[{"name":"wp","href":"https:\/\/api.w.org\/{rel}","templated":true}]}}